{"id":22,"date":"2018-02-16T23:26:53","date_gmt":"2018-02-16T23:26:53","guid":{"rendered":"https:\/\/www.mariachi.bandamusical.mx\/blog\/?page_id=22"},"modified":"2025-01-30T19:56:43","modified_gmt":"2025-01-31T01:56:43","slug":"mariachis-en-jiutepec-morelos","status":"publish","type":"page","link":"https:\/\/www.mariachi.bandamusical.mx\/blog\/mariachis-en-jiutepec-morelos\/","title":{"rendered":"Mariachi en Jiutepec"},"content":{"rendered":"\n<p><strong>Mariachi en Jiutepec | Tel. 777 384 1340 |<\/strong><br><strong>Aniversarios | Misas | Eventos | Bodas | XV A\u00f1os<\/strong><br><strong>Jiutepec \u2022 Temixco \u2022 Emiliano Zapata \u2022 Xochitepec \u2022 Cuernavaca<\/strong><\/p>\n\n\n\n<figure class=\"wp-block-image size-full is-resized\"><a href=\"https:\/\/i0.wp.com\/www.mariachi.bandamusical.mx\/blog\/wp-content\/uploads\/2022\/06\/mariachi-jiutepec.1.jpg?ssl=1\"><img data-recalc-dims=\"1\" loading=\"lazy\" decoding=\"async\" width=\"800\" height=\"526\" src=\"https:\/\/i0.wp.com\/www.mariachi.bandamusical.mx\/blog\/wp-content\/uploads\/2022\/06\/mariachi-jiutepec.1.jpg?resize=800%2C526&#038;ssl=1\" alt=\"\" class=\"wp-image-636\" style=\"width:600px;height:395px\" srcset=\"https:\/\/i0.wp.com\/www.mariachi.bandamusical.mx\/blog\/wp-content\/uploads\/2022\/06\/mariachi-jiutepec.1.jpg?w=800&amp;ssl=1 800w, https:\/\/i0.wp.com\/www.mariachi.bandamusical.mx\/blog\/wp-content\/uploads\/2022\/06\/mariachi-jiutepec.1.jpg?resize=300%2C197&amp;ssl=1 300w, https:\/\/i0.wp.com\/www.mariachi.bandamusical.mx\/blog\/wp-content\/uploads\/2022\/06\/mariachi-jiutepec.1.jpg?resize=768%2C505&amp;ssl=1 768w\" sizes=\"auto, (max-width: 800px) 100vw, 800px\" \/><\/a><\/figure>\n\n\n\n<p>Mariachi Jiutepec | Tel. 777 384 1340 |<br>Aniversarios | Misas | Eventos | Bodas | XV A\u00f1os<br>Jiutepec \u2022 Temixco \u2022 Emiliano Zapata \u2022 Xochitepec \u2022 Cuernavaca<\/p>\n\n\n\n<p>Las serenatas suelen darse en la noche o al amanecer, y el lugar m\u00e1s com\u00fan es bajo el balc\u00f3n o la ventana de la persona a quien se dedica. Es un momento \u00edntimo y especial, donde la m\u00fasica y las letras de las canciones crean una atm\u00f3sfera m\u00e1gica<\/p>\n\n\n\n<p><strong><strong>SERVICIO DE SERENATA<\/strong><br><strong>8 elementos<\/strong> <\/strong>de 6 a 7 canciones completas<br>Tiempo aprox.35 min. <strong><br><strong><br>SERVICIO POR HORA<br>8 elementos<\/strong> d<\/strong>e 13 a 14 canciones completas<br>Tiempo por una hora.&nbsp;<strong><br><br><strong>Grupo Completo<\/strong> <\/strong>de 8 elementos<br><br><strong>SERVICIOS ESPECIALES<\/strong><br>Grupo de Mariachis con m\u00e1s integrantes a cotizar<br><br><strong>OPCIONAL<br><\/strong>Presentaci\u00f3n de Mariachi con Sombreros<\/p>\n\n\n\n<p><strong>PARA CONTRATAR REQUERIMOS<\/strong><br>\u2022 Nombre de contacto \u2022 Numero Celular \u2022 Direcci\u00f3n \u2022 Hora y Fecha \u2022 Ubicaci\u00f3n de Google Maps \u2022 Anticipo<\/p>\n\n\n\n<p><\/p>\n\n\n\n<p><strong>REFERENCIAS<br><\/strong>M\u00fasicos profesionales<br>Amplio repertorio musical<br>Excelente presentaci\u00f3n traje de gala color negro o hueso<br>Canciones completas<br>Alto nivel musical<\/p>\n\n\n\n<p><br><strong>PRESENTACI\u00d3N<\/strong><\/p>\n\n\n<a id=\"69f47b8474221\" rel=\"wp-video-lightbox\" href=\"https:\/\/www.youtube.com\/watch?v=7hNkv2_xl7o&#038;width=280&#038;height=220\" title=\"\"><div class=\"wpvl_auto_thumb_box_wrapper\"><div class=\"wpvl_auto_thumb_box\"><img data-recalc-dims=\"1\" decoding=\"async\" src=\"https:\/\/i0.wp.com\/img.youtube.com\/vi\/7hNkv2_xl7o\/0.jpg?w=1080&#038;ssl=1\" class=\"video_lightbox_auto_anchor_image\" alt=\"\" \/><div class=\"wpvl_auto_thumb_play\"><img data-recalc-dims=\"1\" decoding=\"async\" src=\"https:\/\/i0.wp.com\/www.mariachi.bandamusical.mx\/blog\/wp-content\/plugins\/wp-video-lightbox\/images\/play.png?w=1080&#038;ssl=1\" class=\"wpvl_playbutton\" \/><\/div><\/div><\/div><\/a>    <script>\r\n    \/* <![CDATA[ *\/\r\n    jQuery(document).ready(function($){\r\n        $(function(){\r\n            var width = $(window).innerWidth();\r\n            var setwidth = parseFloat(280);\r\n            var ratio = parseFloat(0.78571428571429);\r\n            var height = parseFloat(220);\r\n            var link = 'https:\/\/www.youtube.com\/watch?v=7hNkv2_xl7o&amp;width=280&amp;height=220';\r\n            if(width < setwidth)\r\n            {\r\n                height = Math.floor(width * 0.78571428571429);\r\n                \/\/console.log(\"device width \"+width+\", set width \"+280+\", ratio \"+0.78571428571429+\", new height \"+ height);\r\n                var new_url = wpvl_paramReplace('width', link, width);\r\n                var new_url = wpvl_paramReplace('height', new_url, height);\r\n                $(\"a#69f47b8474221\").attr('href', new_url);\r\n                \/\/console.log(new_url);\r\n            }\r\n        });\r\n    });\r\n    \/* ]]> *\/\r\n    <\/script>\n\n\n\n<p>Informes y Reservaciones<br>Mariachi Viva Jiutepec Morelos<br>Tel. 777 384 1340<br>Creando un ambiente festivo y de recuerdos inolvidables<\/p>\n","protected":false},"excerpt":{"rendered":"<p>Mariachi en Jiutepec | Tel. 777 384 1340 |<br \/>\nAniversarios | Misas | Eventos | Bodas | XV A\u00f1os  | Jiutepec \u2022 Temixco \u2022 Emiliano Zapata \u2022 Xochitepec \u2022 Cuernavaca<\/p>\n","protected":false},"author":1,"featured_media":0,"parent":0,"menu_order":2,"comment_status":"closed","ping_status":"closed","template":"","meta":{"_et_pb_use_builder":"off","_et_pb_old_content":"<!-- wp:paragraph -->\n<p><strong>Mariachi en Jiutepec | Tel. 777 384 1340 |<\/strong><br><strong>Aniversarios | Misas | Eventos | Bodas | XV A\u00f1os<\/strong><br><strong>Jiutepec \u2022 Temixco \u2022 Emiliano Zapata \u2022 Xochitepec \u2022 Cuernavaca<\/strong><\/p>\n<!-- \/wp:paragraph -->\n\n<!-- wp:image {\"id\":636,\"width\":\"600px\",\"height\":\"395px\",\"sizeSlug\":\"full\",\"linkDestination\":\"media\"} -->\n<figure class=\"wp-block-image size-full is-resized\"><a href=\"https:\/\/www.mariachi.bandamusical.mx\/blog\/wp-content\/uploads\/2022\/06\/mariachi-jiutepec.1.jpg\"><img src=\"https:\/\/www.mariachi.bandamusical.mx\/blog\/wp-content\/uploads\/2022\/06\/mariachi-jiutepec.1.jpg\" alt=\"\" class=\"wp-image-636\" style=\"width:600px;height:395px\"\/><\/a><\/figure>\n<!-- \/wp:image -->\n\n<!-- wp:more -->\n<!--more-->\n<!-- \/wp:more -->\n\n<!-- wp:paragraph -->\n<p>Mariachi Jiutepec | Tel. 777 384 1340 |<br>Aniversarios | Misas | Eventos | Bodas | XV A\u00f1os<br>Jiutepec \u2022 Temixco \u2022 Emiliano Zapata \u2022 Xochitepec \u2022 Cuernavaca<\/p>\n<!-- \/wp:paragraph -->\n\n<!-- wp:paragraph -->\n<p>Las serenatas suelen darse en la noche o al amanecer, y el lugar m\u00e1s com\u00fan es bajo el balc\u00f3n o la ventana de la persona a quien se dedica. Es un momento \u00edntimo y especial, donde la m\u00fasica y las letras de las canciones crean una atm\u00f3sfera m\u00e1gica<\/p>\n<!-- \/wp:paragraph -->\n\n<!-- wp:paragraph -->\n<p><strong><strong>SERVICIO DE SERENATA<\/strong><br><strong>8 elementos<\/strong> <\/strong>de 6 a 7 canciones completas<br>Tiempo aprox.35 min. <strong><br><strong><br>SERVICIO POR HORA<br>8 elementos<\/strong> d<\/strong>e 13 a 14 canciones completas<br>Tiempo por una hora.\u00a0<strong><br><br><strong>Grupo Completo<\/strong> <\/strong>de 8 elementos<br><br><strong>SERVICIOS ESPECIALES<\/strong><br>Grupo de Mariachis con m\u00e1s integrantes a cotizar<br><br><strong>OPCIONAL<br><\/strong>Presentaci\u00f3n de Mariachi con Sombreros<\/p>\n<!-- \/wp:paragraph -->\n\n<!-- wp:paragraph -->\n<p><strong>PARA CONTRATAR REQUERIMOS<\/strong><br>\u2022 Nombre de contacto \u2022 Numero Celular \u2022 Direcci\u00f3n \u2022 Hora y Fecha \u2022 Ubicaci\u00f3n de Google Maps \u2022 Anticipo<\/p>\n<!-- \/wp:paragraph -->\n\n<!-- wp:paragraph -->\n<p><\/p>\n<!-- \/wp:paragraph -->\n\n<!-- wp:paragraph -->\n<p><strong>REFERENCIAS<br><\/strong>M\u00fasicos profesionales<br>Amplio repertorio musical<br>Excelente presentaci\u00f3n traje de gala color negro o hueso<br>Canciones completas<br>Alto nivel musical<\/p>\n<!-- \/wp:paragraph -->\n\n<!-- wp:paragraph -->\n<p><br><strong>PRESENTACI\u00d3N<\/strong><\/p>\n<!-- \/wp:paragraph -->\n\n<!-- wp:shortcode -->\n[video_lightbox_youtube video_id=\"7hNkv2_xl7o\" width=\"280\" height=\"220\" auto_thumb=\"1\"]\n<!-- \/wp:shortcode -->\n\n<!-- wp:paragraph -->\n<p>Informes y Reservaciones<br>Mariachi Viva Jiutepec Morelos<br>Tel. 777 384 1340<br>Creando un ambiente festivo y de recuerdos inolvidables<\/p>\n<!-- \/wp:paragraph -->","_et_gb_content_width":"","footnotes":""},"class_list":["post-22","page","type-page","status-publish","hentry"],"yoast_head":"<!-- This site is optimized with the Yoast SEO plugin v24.3 - https:\/\/yoast.com\/wordpress\/plugins\/seo\/ -->\n<title>Mariachis en Jiutepec Morelos | Reserve tel. 777 384 1340<\/title>\n<meta name=\"description\" content=\"Mariachi Viva Jiutepec | Creando recuerdos inolvidables | Jiutepec \u2022 Temixco \u2022 Emiliano Zapata \u2022 Xochitepec \u2022 Cuernavaca\" \/>\n<meta name=\"robots\" content=\"index, follow, max-snippet:-1, max-image-preview:large, max-video-preview:-1\" \/>\n<link rel=\"canonical\" href=\"https:\/\/www.mariachi.bandamusical.mx\/blog\/mariachis-en-jiutepec-morelos\/\" \/>\n<meta property=\"og:locale\" content=\"es_ES\" \/>\n<meta property=\"og:type\" content=\"article\" \/>\n<meta property=\"og:title\" content=\"Mariachis en Jiutepec Temixco Xochitepec Morelos\" \/>\n<meta property=\"og:description\" content=\"Contrate el Mejor Mariachi Profesional \u2605 En Cuernavaca Morelos Contrate al Tel 777 384 1340 Econ\u00f3mico Calidad Garantizada Vamos a todo tipo de Eventos Cuernavaca Jiutpec Temixco Xochitepec Emiliano Zapata\" \/>\n<meta property=\"og:url\" content=\"https:\/\/www.mariachi.bandamusical.mx\/blog\/mariachis-en-jiutepec-morelos\/\" \/>\n<meta property=\"og:site_name\" content=\"Mariachi Viva Cuernavaca\" \/>\n<meta property=\"article:modified_time\" content=\"2025-01-31T01:56:43+00:00\" \/>\n<meta property=\"og:image\" content=\"https:\/\/www.mariachi.bandamusical.mx\/blog\/wp-content\/uploads\/2022\/02\/Mariachis-Jiutepec-Morelos-1.jpg\" \/>\n\t<meta property=\"og:image:width\" content=\"651\" \/>\n\t<meta property=\"og:image:height\" content=\"370\" \/>\n\t<meta property=\"og:image:type\" content=\"image\/jpeg\" \/>\n<meta name=\"twitter:card\" content=\"summary_large_image\" \/>\n<meta name=\"twitter:label1\" content=\"Tiempo de lectura\" \/>\n\t<meta name=\"twitter:data1\" content=\"2 minutos\" \/>\n<script type=\"application\/ld+json\" class=\"yoast-schema-graph\">{\"@context\":\"https:\/\/schema.org\",\"@graph\":[{\"@type\":\"WebPage\",\"@id\":\"https:\/\/www.mariachi.bandamusical.mx\/blog\/mariachis-en-jiutepec-morelos\/\",\"url\":\"https:\/\/www.mariachi.bandamusical.mx\/blog\/mariachis-en-jiutepec-morelos\/\",\"name\":\"Mariachis en Jiutepec Morelos | Reserve tel. 777 384 1340\",\"isPartOf\":{\"@id\":\"https:\/\/www.mariachi.bandamusical.mx\/blog\/#website\"},\"primaryImageOfPage\":{\"@id\":\"https:\/\/www.mariachi.bandamusical.mx\/blog\/mariachis-en-jiutepec-morelos\/#primaryimage\"},\"image\":{\"@id\":\"https:\/\/www.mariachi.bandamusical.mx\/blog\/mariachis-en-jiutepec-morelos\/#primaryimage\"},\"thumbnailUrl\":\"https:\/\/www.mariachi.bandamusical.mx\/blog\/wp-content\/uploads\/2022\/06\/mariachi-jiutepec.1.jpg\",\"datePublished\":\"2018-02-16T23:26:53+00:00\",\"dateModified\":\"2025-01-31T01:56:43+00:00\",\"description\":\"Mariachi Viva Jiutepec | Creando recuerdos inolvidables | Jiutepec \u2022 Temixco \u2022 Emiliano Zapata \u2022 Xochitepec \u2022 Cuernavaca\",\"breadcrumb\":{\"@id\":\"https:\/\/www.mariachi.bandamusical.mx\/blog\/mariachis-en-jiutepec-morelos\/#breadcrumb\"},\"inLanguage\":\"es\",\"potentialAction\":[{\"@type\":\"ReadAction\",\"target\":[\"https:\/\/www.mariachi.bandamusical.mx\/blog\/mariachis-en-jiutepec-morelos\/\"]}]},{\"@type\":\"ImageObject\",\"inLanguage\":\"es\",\"@id\":\"https:\/\/www.mariachi.bandamusical.mx\/blog\/mariachis-en-jiutepec-morelos\/#primaryimage\",\"url\":\"https:\/\/i0.wp.com\/www.mariachi.bandamusical.mx\/blog\/wp-content\/uploads\/2022\/06\/mariachi-jiutepec.1.jpg?fit=800%2C526&ssl=1\",\"contentUrl\":\"https:\/\/i0.wp.com\/www.mariachi.bandamusical.mx\/blog\/wp-content\/uploads\/2022\/06\/mariachi-jiutepec.1.jpg?fit=800%2C526&ssl=1\",\"width\":800,\"height\":526},{\"@type\":\"BreadcrumbList\",\"@id\":\"https:\/\/www.mariachi.bandamusical.mx\/blog\/mariachis-en-jiutepec-morelos\/#breadcrumb\",\"itemListElement\":[{\"@type\":\"ListItem\",\"position\":1,\"name\":\"Home\",\"item\":\"https:\/\/www.mariachi.bandamusical.mx\/blog\/\"},{\"@type\":\"ListItem\",\"position\":2,\"name\":\"Mariachi en Jiutepec\"}]},{\"@type\":\"WebSite\",\"@id\":\"https:\/\/www.mariachi.bandamusical.mx\/blog\/#website\",\"url\":\"https:\/\/www.mariachi.bandamusical.mx\/blog\/\",\"name\":\"\u272a Mariachi Cocula Cuernavaca \u2605 Sitio oficial\",\"description\":\"Econ&oacute;mico Calidad Garantizada Tel. 777 384 1340\",\"publisher\":{\"@id\":\"https:\/\/www.mariachi.bandamusical.mx\/blog\/#\/schema\/person\/8e6e0bf96ef41eb472a2563ed1b8fc1a\"},\"potentialAction\":[{\"@type\":\"SearchAction\",\"target\":{\"@type\":\"EntryPoint\",\"urlTemplate\":\"https:\/\/www.mariachi.bandamusical.mx\/blog\/?s={search_term_string}\"},\"query-input\":{\"@type\":\"PropertyValueSpecification\",\"valueRequired\":true,\"valueName\":\"search_term_string\"}}],\"inLanguage\":\"es\"},{\"@type\":[\"Person\",\"Organization\"],\"@id\":\"https:\/\/www.mariachi.bandamusical.mx\/blog\/#\/schema\/person\/8e6e0bf96ef41eb472a2563ed1b8fc1a\",\"name\":\"admin\",\"image\":{\"@type\":\"ImageObject\",\"inLanguage\":\"es\",\"@id\":\"https:\/\/www.mariachi.bandamusical.mx\/blog\/#\/schema\/person\/image\/\",\"url\":\"https:\/\/secure.gravatar.com\/avatar\/7c78d2b426b975a1186407161f196911d34a46a3c12c8cde888311b9aac3b5d8?s=96&d=mm&r=g\",\"contentUrl\":\"https:\/\/secure.gravatar.com\/avatar\/7c78d2b426b975a1186407161f196911d34a46a3c12c8cde888311b9aac3b5d8?s=96&d=mm&r=g\",\"caption\":\"admin\"},\"logo\":{\"@id\":\"https:\/\/www.mariachi.bandamusical.mx\/blog\/#\/schema\/person\/image\/\"}}]}<\/script>\n<!-- \/ Yoast SEO plugin. -->","yoast_head_json":{"title":"Mariachis en Jiutepec Morelos | Reserve tel. 777 384 1340","description":"Mariachi Viva Jiutepec | Creando recuerdos inolvidables | Jiutepec \u2022 Temixco \u2022 Emiliano Zapata \u2022 Xochitepec \u2022 Cuernavaca","robots":{"index":"index","follow":"follow","max-snippet":"max-snippet:-1","max-image-preview":"max-image-preview:large","max-video-preview":"max-video-preview:-1"},"canonical":"https:\/\/www.mariachi.bandamusical.mx\/blog\/mariachis-en-jiutepec-morelos\/","og_locale":"es_ES","og_type":"article","og_title":"Mariachis en Jiutepec Temixco Xochitepec Morelos","og_description":"Contrate el Mejor Mariachi Profesional \u2605 En Cuernavaca Morelos Contrate al Tel 777 384 1340 Econ\u00f3mico Calidad Garantizada Vamos a todo tipo de Eventos Cuernavaca Jiutpec Temixco Xochitepec Emiliano Zapata","og_url":"https:\/\/www.mariachi.bandamusical.mx\/blog\/mariachis-en-jiutepec-morelos\/","og_site_name":"Mariachi Viva Cuernavaca","article_modified_time":"2025-01-31T01:56:43+00:00","og_image":[{"width":651,"height":370,"url":"https:\/\/www.mariachi.bandamusical.mx\/blog\/wp-content\/uploads\/2022\/02\/Mariachis-Jiutepec-Morelos-1.jpg","type":"image\/jpeg"}],"twitter_card":"summary_large_image","twitter_misc":{"Tiempo de lectura":"2 minutos"},"schema":{"@context":"https:\/\/schema.org","@graph":[{"@type":"WebPage","@id":"https:\/\/www.mariachi.bandamusical.mx\/blog\/mariachis-en-jiutepec-morelos\/","url":"https:\/\/www.mariachi.bandamusical.mx\/blog\/mariachis-en-jiutepec-morelos\/","name":"Mariachis en Jiutepec Morelos | Reserve tel. 777 384 1340","isPartOf":{"@id":"https:\/\/www.mariachi.bandamusical.mx\/blog\/#website"},"primaryImageOfPage":{"@id":"https:\/\/www.mariachi.bandamusical.mx\/blog\/mariachis-en-jiutepec-morelos\/#primaryimage"},"image":{"@id":"https:\/\/www.mariachi.bandamusical.mx\/blog\/mariachis-en-jiutepec-morelos\/#primaryimage"},"thumbnailUrl":"https:\/\/www.mariachi.bandamusical.mx\/blog\/wp-content\/uploads\/2022\/06\/mariachi-jiutepec.1.jpg","datePublished":"2018-02-16T23:26:53+00:00","dateModified":"2025-01-31T01:56:43+00:00","description":"Mariachi Viva Jiutepec | Creando recuerdos inolvidables | Jiutepec \u2022 Temixco \u2022 Emiliano Zapata \u2022 Xochitepec \u2022 Cuernavaca","breadcrumb":{"@id":"https:\/\/www.mariachi.bandamusical.mx\/blog\/mariachis-en-jiutepec-morelos\/#breadcrumb"},"inLanguage":"es","potentialAction":[{"@type":"ReadAction","target":["https:\/\/www.mariachi.bandamusical.mx\/blog\/mariachis-en-jiutepec-morelos\/"]}]},{"@type":"ImageObject","inLanguage":"es","@id":"https:\/\/www.mariachi.bandamusical.mx\/blog\/mariachis-en-jiutepec-morelos\/#primaryimage","url":"https:\/\/i0.wp.com\/www.mariachi.bandamusical.mx\/blog\/wp-content\/uploads\/2022\/06\/mariachi-jiutepec.1.jpg?fit=800%2C526&ssl=1","contentUrl":"https:\/\/i0.wp.com\/www.mariachi.bandamusical.mx\/blog\/wp-content\/uploads\/2022\/06\/mariachi-jiutepec.1.jpg?fit=800%2C526&ssl=1","width":800,"height":526},{"@type":"BreadcrumbList","@id":"https:\/\/www.mariachi.bandamusical.mx\/blog\/mariachis-en-jiutepec-morelos\/#breadcrumb","itemListElement":[{"@type":"ListItem","position":1,"name":"Home","item":"https:\/\/www.mariachi.bandamusical.mx\/blog\/"},{"@type":"ListItem","position":2,"name":"Mariachi en Jiutepec"}]},{"@type":"WebSite","@id":"https:\/\/www.mariachi.bandamusical.mx\/blog\/#website","url":"https:\/\/www.mariachi.bandamusical.mx\/blog\/","name":"\u272a Mariachi Cocula Cuernavaca \u2605 Sitio oficial","description":"Econ&oacute;mico Calidad Garantizada Tel. 777 384 1340","publisher":{"@id":"https:\/\/www.mariachi.bandamusical.mx\/blog\/#\/schema\/person\/8e6e0bf96ef41eb472a2563ed1b8fc1a"},"potentialAction":[{"@type":"SearchAction","target":{"@type":"EntryPoint","urlTemplate":"https:\/\/www.mariachi.bandamusical.mx\/blog\/?s={search_term_string}"},"query-input":{"@type":"PropertyValueSpecification","valueRequired":true,"valueName":"search_term_string"}}],"inLanguage":"es"},{"@type":["Person","Organization"],"@id":"https:\/\/www.mariachi.bandamusical.mx\/blog\/#\/schema\/person\/8e6e0bf96ef41eb472a2563ed1b8fc1a","name":"admin","image":{"@type":"ImageObject","inLanguage":"es","@id":"https:\/\/www.mariachi.bandamusical.mx\/blog\/#\/schema\/person\/image\/","url":"https:\/\/secure.gravatar.com\/avatar\/7c78d2b426b975a1186407161f196911d34a46a3c12c8cde888311b9aac3b5d8?s=96&d=mm&r=g","contentUrl":"https:\/\/secure.gravatar.com\/avatar\/7c78d2b426b975a1186407161f196911d34a46a3c12c8cde888311b9aac3b5d8?s=96&d=mm&r=g","caption":"admin"},"logo":{"@id":"https:\/\/www.mariachi.bandamusical.mx\/blog\/#\/schema\/person\/image\/"}}]}},"jetpack_sharing_enabled":true,"_links":{"self":[{"href":"https:\/\/www.mariachi.bandamusical.mx\/blog\/wp-json\/wp\/v2\/pages\/22","targetHints":{"allow":["GET"]}}],"collection":[{"href":"https:\/\/www.mariachi.bandamusical.mx\/blog\/wp-json\/wp\/v2\/pages"}],"about":[{"href":"https:\/\/www.mariachi.bandamusical.mx\/blog\/wp-json\/wp\/v2\/types\/page"}],"author":[{"embeddable":true,"href":"https:\/\/www.mariachi.bandamusical.mx\/blog\/wp-json\/wp\/v2\/users\/1"}],"replies":[{"embeddable":true,"href":"https:\/\/www.mariachi.bandamusical.mx\/blog\/wp-json\/wp\/v2\/comments?post=22"}],"version-history":[{"count":90,"href":"https:\/\/www.mariachi.bandamusical.mx\/blog\/wp-json\/wp\/v2\/pages\/22\/revisions"}],"predecessor-version":[{"id":727,"href":"https:\/\/www.mariachi.bandamusical.mx\/blog\/wp-json\/wp\/v2\/pages\/22\/revisions\/727"}],"wp:attachment":[{"href":"https:\/\/www.mariachi.bandamusical.mx\/blog\/wp-json\/wp\/v2\/media?parent=22"}],"curies":[{"name":"wp","href":"https:\/\/api.w.org\/{rel}","templated":true}]}}